{"id":48642,"date":"2021-12-16T17:26:16","date_gmt":"2021-12-16T16:26:16","guid":{"rendered":"https:\/\/www.ddetox.art\/versand__lieferung\/"},"modified":"2026-03-29T23:13:01","modified_gmt":"2026-03-29T21:13:01","slug":"versand__lieferung","status":"publish","type":"page","link":"https:\/\/www.ddetox.art\/en\/versand__lieferung\/","title":{"rendered":"Shipping &amp; Delivery"},"content":{"rendered":"<p>[et_pb_section fb_built=&#8221;1&#8243; admin_label=&#8221;section&#8221; _builder_version=&#8221;4.27.0&#8243; hover_enabled=&#8221;0&#8243; global_colors_info=&#8221;{}&#8221; background_color=&#8221;#000000&#8243; sticky_enabled=&#8221;0&#8243; da_is_popup=&#8221;off&#8221; da_exit_intent=&#8221;off&#8221; da_has_close=&#8221;on&#8221; da_alt_close=&#8221;off&#8221; da_dark_close=&#8221;off&#8221; da_not_modal=&#8221;on&#8221; da_is_singular=&#8221;off&#8221; da_with_loader=&#8221;off&#8221; da_has_shadow=&#8221;on&#8221; da_disable_devices=&#8221;off|off|off&#8221;][et_pb_row admin_label=&#8221;row&#8221; _builder_version=&#8221;4.16&#8243; background_size=&#8221;initial&#8221; background_position=&#8221;top_left&#8221; background_repeat=&#8221;repeat&#8221; global_colors_info=&#8221;{}&#8221;][et_pb_column type=&#8221;4_4&#8243; _builder_version=&#8221;4.16&#8243; custom_padding=&#8221;|||&#8221; global_colors_info=&#8221;{}&#8221; custom_padding__hover=&#8221;|||&#8221;][et_pb_text admin_label=&#8221;Text&#8221; _builder_version=&#8221;4.27.0&#8243; background_size=&#8221;initial&#8221; background_position=&#8221;top_left&#8221; background_repeat=&#8221;repeat&#8221; hover_enabled=&#8221;0&#8243; global_colors_info=&#8221;{}&#8221; sticky_enabled=&#8221;0&#8243; text_text_color=&#8221;rgba(255,255,255,0.8)&#8221; background_layout=&#8221;dark&#8221; header_font=&#8221;|||on|||||&#8221;]<H1>Versandkosten und Lieferinformationen<\/H1><\/p>\n<p>Der Versand erfolgt sorgf\u00e4ltig verpackt aus Deutschland mit Sendungsverfolgung und Versicherung bis 500 \u20ac<\/p>\n<p>Deutschland<br \/>\nDer Versand innerhalb Deutschlands erfolgt als DHL Paket bis 2 kg. Die Versandkosten betragen 6,19 \u20ac. <\/p>\n<p>Europ\u00e4ische Union<br \/>\nDer Versand in L\u00e4nder der Europ\u00e4ischen Union erfolgt als DHL Paket International bis 2 kg. Die Versandkosten betragen je nach Zielland in der Regel ab 22,49 \u20ac.<\/p>\n<p>Au\u00dferhalb der EU<br \/>\nDer Versand in Nicht-EU-L\u00e4nder erfolgt als DHL Paket International bis 2 kg. Die Versandkosten betragen je nach Zielland in der Regel ab 22,49 \u20ac bis 27,49 \u20ac.[\/et_pb_text][\/et_pb_column][\/et_pb_row][\/et_pb_section]<\/p>\n","protected":false},"excerpt":{"rendered":"<p>Versandkosten und Lieferinformationen Der Versand erfolgt sorgf\u00e4ltig verpackt aus Deutschland mit Sendungsverfolgung und Versicherung bis 500 \u20ac Deutschland Der Versand innerhalb Deutschlands erfolgt als DHL Paket bis 2 kg. Die Versandkosten betragen 6,19 \u20ac. Europ\u00e4ische Union Der Versand in L\u00e4nder der Europ\u00e4ischen Union erfolgt als DHL Paket International bis 2 kg. Die Versandkosten betragen je [&hellip;]<\/p>\n","protected":false},"author":118,"featured_media":49966,"parent":0,"menu_order":0,"comment_status":"closed","ping_status":"closed","template":"","meta":{"_acf_changed":false,"_et_pb_use_builder":"on","_et_pb_old_content":"<strong>Preise, Versandkosten und Lieferinformationen<\/strong>\n\nDie auf den Produktseiten genannten Preise enthalten die gesetzliche Mehrwertsteuer und sonstige Preisbestandteile.\n\nWir liefern in die ganze Welt.\n\nEs gelten folgende Versandkostenpauschalen:\n\nInnerhalb Deutschland: 25,- Euro\nInnerhalb der Mitgliedstaaten der EU: 80,- Euro\nAu\u00dferhalb EU: 200,- Euro\n\nDie Versandkosten werden Ihnen im Warenkorbsystem und auf der Bestellseite nochmals deutlich mitgeteilt.\n\nF\u00fcr digitale Inhalte (Digitale Files) fallen keine Versandkosten an.","_et_gb_content_width":"","footnotes":""},"class_list":["post-48642","page","type-page","status-publish","has-post-thumbnail","hentry"],"acf":[],"yoast_head":"<!-- This site is optimized with the Yoast SEO plugin v27.5 - https:\/\/yoast.com\/product\/yoast-seo-wordpress\/ -->\n<title>Versand und Lieferung | Schnell und zuverl\u00e4ssig<\/title>\n<meta name=\"description\" content=\"Erfahren Sie alles \u00fcber unsere Versand- und Lieferbedingungen. Wir sorgen f\u00fcr eine schnelle und zuverl\u00e4ssige Zustellung Ihrer Bestellungen.\" \/>\n<meta name=\"robots\" content=\"index, follow, max-snippet:-1, max-image-preview:large, max-video-preview:-1\" \/>\n<link rel=\"canonical\" href=\"https:\/\/www.ddetox.art\/en\/versand__lieferung\/\" \/>\n<meta property=\"og:locale\" content=\"en_US\" \/>\n<meta property=\"og:type\" content=\"article\" \/>\n<meta property=\"og:title\" content=\"Versand und Lieferung | Schnell und zuverl\u00e4ssig\" \/>\n<meta property=\"og:description\" content=\"Erfahren Sie alles \u00fcber unsere Versand- und Lieferbedingungen. Wir sorgen f\u00fcr eine schnelle und zuverl\u00e4ssige Zustellung Ihrer Bestellungen.\" \/>\n<meta property=\"og:url\" content=\"https:\/\/www.ddetox.art\/en\/versand__lieferung\/\" \/>\n<meta property=\"article:modified_time\" content=\"2026-03-29T21:13:01+00:00\" \/>\n<meta property=\"og:image\" content=\"https:\/\/www.ddetox.art\/wp-content\/uploads\/2024\/07\/logo_dima-dobrovolkij-300px.png\" \/>\n\t<meta property=\"og:image:width\" content=\"300\" \/>\n\t<meta property=\"og:image:height\" content=\"300\" \/>\n\t<meta property=\"og:image:type\" content=\"image\/png\" \/>\n<meta name=\"twitter:card\" content=\"summary_large_image\" \/>\n<meta name=\"twitter:label1\" content=\"Est. reading time\" \/>\n\t<meta name=\"twitter:data1\" content=\"1 minute\" \/>\n<script type=\"application\/ld+json\" class=\"yoast-schema-graph\">{\"@context\":\"https:\\\/\\\/schema.org\",\"@graph\":[{\"@type\":\"WebPage\",\"@id\":\"https:\\\/\\\/www.ddetox.art\\\/versand__lieferung\\\/\",\"url\":\"https:\\\/\\\/www.ddetox.art\\\/versand__lieferung\\\/\",\"name\":\"Versand und Lieferung | Schnell und zuverl\u00e4ssig\",\"isPartOf\":{\"@id\":\"https:\\\/\\\/www.ddetox.art\\\/#website\"},\"primaryImageOfPage\":{\"@id\":\"https:\\\/\\\/www.ddetox.art\\\/versand__lieferung\\\/#primaryimage\"},\"image\":{\"@id\":\"https:\\\/\\\/www.ddetox.art\\\/versand__lieferung\\\/#primaryimage\"},\"thumbnailUrl\":\"https:\\\/\\\/www.ddetox.art\\\/wp-content\\\/uploads\\\/2024\\\/07\\\/logo_dima-dobrovolkij-300px.png\",\"datePublished\":\"2021-12-16T16:26:16+00:00\",\"dateModified\":\"2026-03-29T21:13:01+00:00\",\"description\":\"Erfahren Sie alles \u00fcber unsere Versand- und Lieferbedingungen. Wir sorgen f\u00fcr eine schnelle und zuverl\u00e4ssige Zustellung Ihrer Bestellungen.\",\"breadcrumb\":{\"@id\":\"https:\\\/\\\/www.ddetox.art\\\/versand__lieferung\\\/#breadcrumb\"},\"inLanguage\":\"en-US\",\"potentialAction\":[{\"@type\":\"ReadAction\",\"target\":[\"https:\\\/\\\/www.ddetox.art\\\/versand__lieferung\\\/\"]}]},{\"@type\":\"ImageObject\",\"inLanguage\":\"en-US\",\"@id\":\"https:\\\/\\\/www.ddetox.art\\\/versand__lieferung\\\/#primaryimage\",\"url\":\"https:\\\/\\\/www.ddetox.art\\\/wp-content\\\/uploads\\\/2024\\\/07\\\/logo_dima-dobrovolkij-300px.png\",\"contentUrl\":\"https:\\\/\\\/www.ddetox.art\\\/wp-content\\\/uploads\\\/2024\\\/07\\\/logo_dima-dobrovolkij-300px.png\",\"width\":300,\"height\":300,\"caption\":\"Grafik illustriert Logo von Dima Dobrovolskij, einem K\u00fcnstler\"},{\"@type\":\"BreadcrumbList\",\"@id\":\"https:\\\/\\\/www.ddetox.art\\\/versand__lieferung\\\/#breadcrumb\",\"itemListElement\":[{\"@type\":\"ListItem\",\"position\":1,\"name\":\"Startseite\",\"item\":\"https:\\\/\\\/www.ddetox.art\\\/\"},{\"@type\":\"ListItem\",\"position\":2,\"name\":\"Versand &#038; Lieferung\"}]},{\"@type\":\"WebSite\",\"@id\":\"https:\\\/\\\/www.ddetox.art\\\/#website\",\"url\":\"https:\\\/\\\/www.ddetox.art\\\/\",\"name\":\"\",\"description\":\"ddetox.art\",\"publisher\":{\"@id\":\"https:\\\/\\\/www.ddetox.art\\\/#organization\"},\"potentialAction\":[{\"@type\":\"SearchAction\",\"target\":{\"@type\":\"EntryPoint\",\"urlTemplate\":\"https:\\\/\\\/www.ddetox.art\\\/?s={search_term_string}\"},\"query-input\":{\"@type\":\"PropertyValueSpecification\",\"valueRequired\":true,\"valueName\":\"search_term_string\"}}],\"inLanguage\":\"en-US\"},{\"@type\":\"Organization\",\"@id\":\"https:\\\/\\\/www.ddetox.art\\\/#organization\",\"name\":\"ddetox art\",\"url\":\"https:\\\/\\\/www.ddetox.art\\\/\",\"logo\":{\"@type\":\"ImageObject\",\"inLanguage\":\"en-US\",\"@id\":\"https:\\\/\\\/www.ddetox.art\\\/#\\\/schema\\\/logo\\\/image\\\/\",\"url\":\"https:\\\/\\\/www.ddetox.art\\\/wp-content\\\/uploads\\\/2021\\\/09\\\/logo.svg\",\"contentUrl\":\"https:\\\/\\\/www.ddetox.art\\\/wp-content\\\/uploads\\\/2021\\\/09\\\/logo.svg\",\"width\":220,\"height\":22,\"caption\":\"ddetox art\"},\"image\":{\"@id\":\"https:\\\/\\\/www.ddetox.art\\\/#\\\/schema\\\/logo\\\/image\\\/\"}}]}<\/script>\n<!-- \/ Yoast SEO plugin. -->","yoast_head_json":{"title":"Versand und Lieferung | Schnell und zuverl\u00e4ssig","description":"Erfahren Sie alles \u00fcber unsere Versand- und Lieferbedingungen. Wir sorgen f\u00fcr eine schnelle und zuverl\u00e4ssige Zustellung Ihrer Bestellungen.","robots":{"index":"index","follow":"follow","max-snippet":"max-snippet:-1","max-image-preview":"max-image-preview:large","max-video-preview":"max-video-preview:-1"},"canonical":"https:\/\/www.ddetox.art\/en\/versand__lieferung\/","og_locale":"en_US","og_type":"article","og_title":"Versand und Lieferung | Schnell und zuverl\u00e4ssig","og_description":"Erfahren Sie alles \u00fcber unsere Versand- und Lieferbedingungen. Wir sorgen f\u00fcr eine schnelle und zuverl\u00e4ssige Zustellung Ihrer Bestellungen.","og_url":"https:\/\/www.ddetox.art\/en\/versand__lieferung\/","article_modified_time":"2026-03-29T21:13:01+00:00","og_image":[{"width":300,"height":300,"url":"https:\/\/www.ddetox.art\/wp-content\/uploads\/2024\/07\/logo_dima-dobrovolkij-300px.png","type":"image\/png"}],"twitter_card":"summary_large_image","twitter_misc":{"Est. reading time":"1 minute"},"schema":{"@context":"https:\/\/schema.org","@graph":[{"@type":"WebPage","@id":"https:\/\/www.ddetox.art\/versand__lieferung\/","url":"https:\/\/www.ddetox.art\/versand__lieferung\/","name":"Versand und Lieferung | Schnell und zuverl\u00e4ssig","isPartOf":{"@id":"https:\/\/www.ddetox.art\/#website"},"primaryImageOfPage":{"@id":"https:\/\/www.ddetox.art\/versand__lieferung\/#primaryimage"},"image":{"@id":"https:\/\/www.ddetox.art\/versand__lieferung\/#primaryimage"},"thumbnailUrl":"https:\/\/www.ddetox.art\/wp-content\/uploads\/2024\/07\/logo_dima-dobrovolkij-300px.png","datePublished":"2021-12-16T16:26:16+00:00","dateModified":"2026-03-29T21:13:01+00:00","description":"Erfahren Sie alles \u00fcber unsere Versand- und Lieferbedingungen. Wir sorgen f\u00fcr eine schnelle und zuverl\u00e4ssige Zustellung Ihrer Bestellungen.","breadcrumb":{"@id":"https:\/\/www.ddetox.art\/versand__lieferung\/#breadcrumb"},"inLanguage":"en-US","potentialAction":[{"@type":"ReadAction","target":["https:\/\/www.ddetox.art\/versand__lieferung\/"]}]},{"@type":"ImageObject","inLanguage":"en-US","@id":"https:\/\/www.ddetox.art\/versand__lieferung\/#primaryimage","url":"https:\/\/www.ddetox.art\/wp-content\/uploads\/2024\/07\/logo_dima-dobrovolkij-300px.png","contentUrl":"https:\/\/www.ddetox.art\/wp-content\/uploads\/2024\/07\/logo_dima-dobrovolkij-300px.png","width":300,"height":300,"caption":"Grafik illustriert Logo von Dima Dobrovolskij, einem K\u00fcnstler"},{"@type":"BreadcrumbList","@id":"https:\/\/www.ddetox.art\/versand__lieferung\/#breadcrumb","itemListElement":[{"@type":"ListItem","position":1,"name":"Startseite","item":"https:\/\/www.ddetox.art\/"},{"@type":"ListItem","position":2,"name":"Versand &#038; Lieferung"}]},{"@type":"WebSite","@id":"https:\/\/www.ddetox.art\/#website","url":"https:\/\/www.ddetox.art\/","name":"","description":"ddetox.art","publisher":{"@id":"https:\/\/www.ddetox.art\/#organization"},"potentialAction":[{"@type":"SearchAction","target":{"@type":"EntryPoint","urlTemplate":"https:\/\/www.ddetox.art\/?s={search_term_string}"},"query-input":{"@type":"PropertyValueSpecification","valueRequired":true,"valueName":"search_term_string"}}],"inLanguage":"en-US"},{"@type":"Organization","@id":"https:\/\/www.ddetox.art\/#organization","name":"ddetox art","url":"https:\/\/www.ddetox.art\/","logo":{"@type":"ImageObject","inLanguage":"en-US","@id":"https:\/\/www.ddetox.art\/#\/schema\/logo\/image\/","url":"https:\/\/www.ddetox.art\/wp-content\/uploads\/2021\/09\/logo.svg","contentUrl":"https:\/\/www.ddetox.art\/wp-content\/uploads\/2021\/09\/logo.svg","width":220,"height":22,"caption":"ddetox art"},"image":{"@id":"https:\/\/www.ddetox.art\/#\/schema\/logo\/image\/"}}]}},"_links":{"self":[{"href":"https:\/\/www.ddetox.art\/en\/wp-json\/wp\/v2\/pages\/48642","targetHints":{"allow":["GET"]}}],"collection":[{"href":"https:\/\/www.ddetox.art\/en\/wp-json\/wp\/v2\/pages"}],"about":[{"href":"https:\/\/www.ddetox.art\/en\/wp-json\/wp\/v2\/types\/page"}],"author":[{"embeddable":true,"href":"https:\/\/www.ddetox.art\/en\/wp-json\/wp\/v2\/users\/118"}],"replies":[{"embeddable":true,"href":"https:\/\/www.ddetox.art\/en\/wp-json\/wp\/v2\/comments?post=48642"}],"version-history":[{"count":0,"href":"https:\/\/www.ddetox.art\/en\/wp-json\/wp\/v2\/pages\/48642\/revisions"}],"wp:featuredmedia":[{"embeddable":true,"href":"https:\/\/www.ddetox.art\/en\/wp-json\/wp\/v2\/media\/49966"}],"wp:attachment":[{"href":"https:\/\/www.ddetox.art\/en\/wp-json\/wp\/v2\/media?parent=48642"}],"curies":[{"name":"wp","href":"https:\/\/api.w.org\/{rel}","templated":true}]}}