{"id":50520,"date":"2024-08-21T15:11:12","date_gmt":"2024-08-21T13:11:12","guid":{"rendered":"https:\/\/www.ddetox.art\/art-group-makaki-copy\/"},"modified":"2026-02-15T00:55:41","modified_gmt":"2026-02-14T23:55:41","slug":"collage-battle","status":"publish","type":"page","link":"https:\/\/www.ddetox.art\/en\/collage-battle\/","title":{"rendered":"Collage Battle"},"content":{"rendered":"<p>[et_pb_section fb_built=&#8221;1&#8243; custom_padding_last_edited=&#8221;on|phone&#8221; _builder_version=&#8221;4.16&#8243; _module_preset=&#8221;default&#8221; background_color=&#8221;RGBA(0,0,0,0)&#8221; custom_padding=&#8221;40px||110px||false|false&#8221; custom_padding_tablet=&#8221;||80px||false|false&#8221; custom_padding_phone=&#8221;||50px||false|false&#8221; da_disable_devices=&#8221;off|off|off&#8221; global_colors_info=&#8221;{}&#8221; da_is_popup=&#8221;off&#8221; da_exit_intent=&#8221;off&#8221; da_has_close=&#8221;on&#8221; da_alt_close=&#8221;off&#8221; da_dark_close=&#8221;off&#8221; da_not_modal=&#8221;on&#8221; da_is_singular=&#8221;off&#8221; da_with_loader=&#8221;off&#8221; da_has_shadow=&#8221;on&#8221;][et_pb_row column_structure=&#8221;1_4,3_4&#8243; use_custom_gutter=&#8221;on&#8221; make_equal=&#8221;on&#8221; _builder_version=&#8221;4.19.4&#8243; _module_preset=&#8221;default&#8221; custom_margin=&#8221;||40px||false|false&#8221; custom_padding=&#8221;0px||0px||false|false&#8221; global_colors_info=&#8221;{}&#8221;][et_pb_column type=&#8221;1_4&#8243; _builder_version=&#8221;4.16&#8243; _module_preset=&#8221;default&#8221; custom_padding=&#8221;20px||||false|false&#8221; global_colors_info=&#8221;{}&#8221;][et_pb_blurb title=&#8221;teilen:&#8221; image_icon_width=&#8221;25px&#8221; icon_alignment=&#8221;right&#8221; content_max_width=&#8221;1100px&#8221; disabled_on=&#8221;off|off|off&#8221; _builder_version=&#8221;4.24.2&#8243; _module_preset=&#8221;default&#8221; header_font=&#8221;|||on|||||&#8221; header_text_color=&#8221;#d2f486&#8243; header_font_size=&#8221;18.1px&#8221; header_line_height=&#8221;1.4em&#8221; width=&#8221;100%&#8221; custom_margin=&#8221;||0px||false|false&#8221; animation=&#8221;off&#8221; custom_css_blurb_image=&#8221;position: absolute;||right: 0;||top: 7px;&#8221; custom_css_blurb_content=&#8221;margin-left: 0;&#8221; image_max_width=&#8221;25px&#8221; global_module=&#8221;48031&#8243; saved_tabs=&#8221;all&#8221; global_colors_info=&#8221;{}&#8221;]<\/p>\n<a href=\"https:\/\/www.facebook.com\/sharer\/sharer.php?u=https:\/\/www.ddetox.art\/en\/collage-battle\/\" target=\"_blank\"><i class=\"facebook\"><\/i><\/a>\n<a href=\"https:\/\/api.whatsapp.com\/send?text=https:\/\/www.ddetox.art\/en\/collage-battle\/\" target=\"_blank\"><i class=\"whatsapp\"><\/i><\/a>\n<a href=\"https:\/\/www.linkedin.com\/sharing\/share-offsite\/?url=https:\/\/www.ddetox.art\/en\/collage-battle\/\" target=\"_blank\"><i class=\"linkedin\"><\/i><\/a>\n<a href=\"https:\/\/t.me\/share\/url?url=https:\/\/www.ddetox.art\/en\/collage-battle\/\" target=\"_blank\"><i class=\"telegram\"><\/i><\/a>\n\t \n\n<p>[\/et_pb_blurb][\/et_pb_column][et_pb_column type=&#8221;3_4&#8243; _builder_version=&#8221;4.16&#8243; _module_preset=&#8221;default&#8221; custom_padding=&#8221;|250px|||false|false&#8221; custom_padding_tablet=&#8221;|0px|||false|false&#8221; custom_padding_phone=&#8221;&#8221; custom_padding_last_edited=&#8221;on|tablet&#8221; global_colors_info=&#8221;{}&#8221;][et_pb_text _builder_version=&#8221;4.24.2&#8243; _module_preset=&#8221;default&#8221; text_text_color=&#8221;rgba(255,255,255,0.8)&#8221; header_font=&#8221;Red Hat Display|||on|||||&#8221; header_text_color=&#8221;rgba(255,255,255,0.8)&#8221; header_font_size=&#8221;52px&#8221; header_line_height=&#8221;1.4em&#8221; width=&#8221;100%&#8221; custom_margin=&#8221;||0px||false|false&#8221; header_font_size_tablet=&#8221;42px&#8221; header_font_size_phone=&#8221;32px&#8221; header_font_size_last_edited=&#8221;on|phone&#8221; global_colors_info=&#8221;{}&#8221;]<\/p>\n<h1>Live Collage Battle<\/h1>\n<p>[\/et_pb_text][et_pb_text module_class=&#8221;big&#8221; _builder_version=&#8221;4.24.2&#8243; _module_preset=&#8221;default&#8221; text_font=&#8221;|||on|||||&#8221; text_text_color=&#8221;rgba(255,255,255,0.8)&#8221; text_font_size=&#8221;24px&#8221; text_line_height=&#8221;1.4em&#8221; header_text_color=&#8221;rgba(255,255,255,0.8)&#8221; header_3_font=&#8221;|300||on|||||&#8221; header_3_text_color=&#8221;rgba(255,255,255,0.8)&#8221; header_3_font_size=&#8221;24px&#8221; header_3_letter_spacing=&#8221;1px&#8221; header_3_line_height=&#8221;1.4em&#8221; text_font_size_tablet=&#8221;20px&#8221; text_font_size_phone=&#8221;18px&#8221; text_font_size_last_edited=&#8221;on|phone&#8221; header_3_font_size_tablet=&#8221;22px&#8221; header_3_font_size_phone=&#8221;20px&#8221; header_3_font_size_last_edited=&#8221;on|tablet&#8221; global_colors_info=&#8221;{}&#8221;]<H3>11.10.2024 im Nirgendwo Berlin<\/H3>[\/et_pb_text][et_pb_text _builder_version=&#8221;4.24.2&#8243; _module_preset=&#8221;default&#8221; text_text_color=&#8221;RGBA(255,255,255,0.8)&#8221; global_colors_info=&#8221;{}&#8221;]<\/p>\n<p>Eins gegen Eins, Style vs. Style, die Crowd entscheidet!<\/p>\n<p>Am Freitag, den 11.10.2024 findet in Berlin das zweite Live Collage Battle statt.<br \/>Als kleiner Nachbar des Berghain wird das Nirgendwo zum Schauplatz des hei\u00dfesten Collage-Events im angehenden Sp\u00e4tsommer.<\/p>\n<p>[\/et_pb_text][et_pb_button button_url=&#8221;https:\/\/www.eventbrite.de\/e\/live-collage-battle-im-nirgendwo-tickets-985259516737?aff=oddtdtcreator&#8221; button_text=&#8221;Ticket  bestellen&#8221; _builder_version=&#8221;4.24.2&#8243; _module_preset=&#8221;default&#8221; global_colors_info=&#8221;{}&#8221;][\/et_pb_button][et_pb_text _builder_version=&#8221;4.27.0&#8243; _module_preset=&#8221;default&#8221; text_text_color=&#8221;RGBA(255,255,255,0.8)&#8221; hover_enabled=&#8221;0&#8243; global_colors_info=&#8221;{}&#8221; sticky_enabled=&#8221;0&#8243;]<\/p>\n<p>Was wird passieren?<\/p>\n<ul>\n<li>8 K\u00fcnstler*innen treten im K.O.-System in Battles gegeneinander an.<\/li>\n<li>Live moderiert, musikalisch begleitet<\/li>\n<li>Wer den hei\u00dfesten Schnitt hingelegt hat, entscheidet allein die Crowd.<\/li>\n<li>Es werden 14 Arbeiten unter den Besuchern verlost. Somit hat jeder die Chance, ein signiertes Kunstwerk zu gewinnen.<\/li>\n<\/ul>\n<p>Du willst beim Collage Battle live dabei sein? Dann sichere dir jetzt dein Ticket!<br \/>Achtung: Die Tickets sind limitiert &#8211; first come, first serve.<\/p>\n<p>Doors open: 17:00 Uhr<br \/>Das erste Battle beginnt Punkt: 18:00 Uhr<br \/>Tickets: VVK 15 Euro \/ Abendkasse 17 Euro<\/p>\n<p class=\"location-info__address-text\">Veranstaltungsort: Nirgendwo<br \/><span>Helsingforser Stra\u00dfe 10 10243 Berlin<\/span><\/p>\n<p>Weitere Infos findest Du hier: <a href=\"https:\/\/www.instagram.com\/collage_battle\/\" target=\"_blank\" rel=\"noopener\">Instagram<\/a><\/p>\n<p>[\/et_pb_text][et_pb_heading title=&#8221;Impressionen vom letzten Collage Battle&#8221; _builder_version=&#8221;4.24.2&#8243; _module_preset=&#8221;default&#8221; title_font=&#8221;|300||on|||||&#8221; title_text_color=&#8221;RGBA(255,255,255,0.8)&#8221; title_font_size=&#8221;26px&#8221; global_colors_info=&#8221;{}&#8221;][\/et_pb_heading][et_pb_gallery gallery_ids=&#8221;50525,50526,50527,50528,50529,50530&#8243; fullwidth=&#8221;on&#8221; _builder_version=&#8221;4.24.2&#8243; _module_preset=&#8221;default&#8221; global_colors_info=&#8221;{}&#8221;][\/et_pb_gallery][et_pb_accordion open_toggle_text_color=&#8221;RGBA(255,255,255,0.8)&#8221; open_toggle_background_color=&#8221;#000000&#8243; closed_toggle_background_color=&#8221;#000000&#8243; icon_color=&#8221;gcid-e3f4b0c0-a014-432e-bd2b-f8e882882348&#8243; _builder_version=&#8221;4.27.0&#8243; _module_preset=&#8221;default&#8221; toggle_font=&#8221;|||on|||||&#8221; body_text_color=&#8221;RGBA(255,255,255,0.8)&#8221; hover_enabled=&#8221;0&#8243; border_color_all=&#8221;gcid-e3f4b0c0-a014-432e-bd2b-f8e882882348&#8243; global_colors_info=&#8221;{%22gcid-e3f4b0c0-a014-432e-bd2b-f8e882882348%22:%91%22icon_color%22,%22border_color_all%22%93}&#8221; sticky_enabled=&#8221;0&#8243;][et_pb_accordion_item title=&#8221;Kann ich was bei Live Collage Battle gewinnen?&#8221; open=&#8221;on&#8221; _builder_version=&#8221;4.27.0&#8243; _module_preset=&#8221;default&#8221; hover_enabled=&#8221;0&#8243; global_colors_info=&#8221;{}&#8221; sticky_enabled=&#8221;0&#8243;]Ja, es werden 14 Arbeiten unter den Besuchern verlost. Somit hat jeder die Chance, ein signiertes Kunstwerk zu gewinnen.[\/et_pb_accordion_item][et_pb_accordion_item title=&#8221;Kann ich die Kunstwerke mitgestalten?&#8221; _builder_version=&#8221;4.27.0&#8243; _module_preset=&#8221;default&#8221; hover_enabled=&#8221;0&#8243; global_colors_info=&#8221;{}&#8221; open=&#8221;off&#8221; sticky_enabled=&#8221;0&#8243;]Du bestimmst die Themen, die die K\u00fcnstler in ihren Bildern verarbeiten. So hast du Einfluss auf die Inhalte der Kunstwerke.[\/et_pb_accordion_item][et_pb_accordion_item title=&#8221;Werden die Kunstwerke vor Ort erstellt?&#8221; _builder_version=&#8221;4.27.0&#8243; _module_preset=&#8221;default&#8221; hover_enabled=&#8221;0&#8243; global_colors_info=&#8221;{}&#8221; open=&#8221;off&#8221; sticky_enabled=&#8221;0&#8243;]Ja, die Kunstwerke werden live von den Teilnehmern vor Ort erstellt.[\/et_pb_accordion_item][et_pb_accordion_item title=&#8221;Wie wird das Publikum einbezogen?&#8221; _builder_version=&#8221;4.27.0&#8243; _module_preset=&#8221;default&#8221; hover_enabled=&#8221;0&#8243; global_colors_info=&#8221;{}&#8221; open=&#8221;off&#8221; sticky_enabled=&#8221;0&#8243;]Das Event ist interaktiv: Du entscheidest, welche K\u00fcnstler weiterkommen und wer letztendlich gewinnt.[\/et_pb_accordion_item][et_pb_accordion_item title=&#8221;Was bietet mir der Veranstaltungsort \u201cNirgendwo\u201d?&#8221; _builder_version=&#8221;4.27.0&#8243; _module_preset=&#8221;default&#8221; hover_enabled=&#8221;0&#8243; global_colors_info=&#8221;{}&#8221; open=&#8221;off&#8221; sticky_enabled=&#8221;0&#8243;]<\/p>\n<p>\u201c<a href=\"https:\/\/nirgendwo-berlin.de\" target=\"_blank\" rel=\"noopener\">Nirgendwo<\/a>\u201d bietet eine einzigartige Atmosph\u00e4re mit einer Bar, urbanem Gardening und einer Verbindung zur Berliner Geschichte. Au\u00dferdem sorgt ein DJ f\u00fcr musikalische Untermalung.<\/p>\n<p>[\/et_pb_accordion_item][\/et_pb_accordion][et_pb_button button_url=&#8221;https:\/\/www.eventbrite.de\/e\/live-collage-battle-im-nirgendwo-tickets-985259516737?aff=oddtdtcreator&#8221; button_text=&#8221;Ticket  bestellen&#8221; _builder_version=&#8221;4.24.2&#8243; _module_preset=&#8221;default&#8221; global_colors_info=&#8221;{}&#8221; disabled_on=&#8221;on|on|on&#8221; disabled=&#8221;on&#8221;][\/et_pb_button][\/et_pb_column][\/et_pb_row][\/et_pb_section]<\/p>\n","protected":false},"excerpt":{"rendered":"<p><a href=\"https:\/\/www.facebook.com\/sharer\/sharer.php?u=https:\/\/www.ddetox.art\/en\/collage-battle\/\" target=\"_blank\"><i class=\"facebook\"><\/i><\/a>\n<a href=\"https:\/\/api.whatsapp.com\/send?text=https:\/\/www.ddetox.art\/en\/collage-battle\/\" target=\"_blank\"><i class=\"whatsapp\"><\/i><\/a>\n<a href=\"https:\/\/www.linkedin.com\/sharing\/share-offsite\/?url=https:\/\/www.ddetox.art\/en\/collage-battle\/\" target=\"_blank\"><i class=\"linkedin\"><\/i><\/a>\n<a href=\"https:\/\/t.me\/share\/url?url=https:\/\/www.ddetox.art\/en\/collage-battle\/\" target=\"_blank\"><i class=\"telegram\"><\/i><\/a>\n\t \n Live Collage Battle11.10.2024 im Nirgendwo BerlinEins gegen Eins, Style vs. Style, die Crowd entscheidet! Am Freitag, den 11.10.2024 findet in Berlin das zweite Live Collage Battle statt.Als kleiner Nachbar des Berghain wird das Nirgendwo zum Schauplatz des hei\u00dfesten Collage-Events im angehenden Sp\u00e4tsommer.Was wird passieren? 8 K\u00fcnstler*innen treten im K.O.-System in Battles gegeneinander an. Live [&hellip;]<\/p>\n","protected":false},"author":118,"featured_media":50522,"parent":0,"menu_order":0,"comment_status":"closed","ping_status":"closed","template":"","meta":{"_acf_changed":false,"_et_pb_use_builder":"on","_et_pb_old_content":"<!-- wp:divi\/placeholder \/-->","_et_gb_content_width":"","footnotes":""},"class_list":["post-50520","page","type-page","status-publish","has-post-thumbnail","hentry"],"acf":[],"yoast_head":"<!-- This site is optimized with the Yoast SEO plugin v27.5 - https:\/\/yoast.com\/product\/yoast-seo-wordpress\/ -->\n<title>Collage Battle<\/title>\n<meta name=\"description\" content=\"Eins gegen Eins: Style vs. Style! Am 11.10.2024: Das Live Collage Battle im Nirgendwo. 8 K\u00fcnstler*innen, K.O.-System, die Crowd entscheidet!\" \/>\n<meta name=\"robots\" content=\"index, follow, max-snippet:-1, max-image-preview:large, max-video-preview:-1\" \/>\n<link rel=\"canonical\" href=\"https:\/\/www.ddetox.art\/en\/collage-battle\/\" \/>\n<meta property=\"og:locale\" content=\"en_US\" \/>\n<meta property=\"og:type\" content=\"article\" \/>\n<meta property=\"og:title\" content=\"Kunstprojekte und Kooperationen von Dima Dobrovolskij\" \/>\n<meta property=\"og:description\" content=\"Kunstprojekte und Kooperationen von Dima Dobrovolskij von K\u00fcnstler Dima Dobrovolskij. Erfahren Sie mehr von vielseitigen Formaten.\" \/>\n<meta property=\"og:url\" content=\"https:\/\/www.ddetox.art\/en\/collage-battle\/\" \/>\n<meta property=\"article:modified_time\" content=\"2026-02-14T23:55:41+00:00\" \/>\n<meta property=\"og:image\" content=\"https:\/\/www.ddetox.art\/wp-content\/uploads\/2024\/05\/f-d-p-dima-dobrovolskij-1024x717.jpg\" \/>\n\t<meta property=\"og:image:width\" content=\"1024\" \/>\n\t<meta property=\"og:image:height\" content=\"717\" \/>\n\t<meta property=\"og:image:type\" content=\"image\/jpeg\" \/>\n<meta name=\"twitter:card\" content=\"summary_large_image\" \/>\n<meta name=\"twitter:title\" content=\"Art Collage Blog\" \/>\n<meta name=\"twitter:description\" content=\"K\u00fcnstler aus Berlin schreibt \u00fcber die Menschen in der gro\u00dfen Welt und seine Projekte. Andere Perspektiven auf die allt\u00e4glichen Dinge.\" \/>\n<meta name=\"twitter:image\" content=\"https:\/\/www.ddetox.art\/wp-content\/uploads\/2023\/02\/quader1.jpg\" \/>\n<meta name=\"twitter:label1\" content=\"Est. reading time\" \/>\n\t<meta name=\"twitter:data1\" content=\"3 minutes\" \/>\n<script type=\"application\/ld+json\" class=\"yoast-schema-graph\">{\"@context\":\"https:\\\/\\\/schema.org\",\"@graph\":[{\"@type\":\"WebPage\",\"@id\":\"https:\\\/\\\/www.ddetox.art\\\/collage-battle\\\/\",\"url\":\"https:\\\/\\\/www.ddetox.art\\\/collage-battle\\\/\",\"name\":\"Collage Battle\",\"isPartOf\":{\"@id\":\"https:\\\/\\\/www.ddetox.art\\\/#website\"},\"primaryImageOfPage\":{\"@id\":\"https:\\\/\\\/www.ddetox.art\\\/collage-battle\\\/#primaryimage\"},\"image\":{\"@id\":\"https:\\\/\\\/www.ddetox.art\\\/collage-battle\\\/#primaryimage\"},\"thumbnailUrl\":\"https:\\\/\\\/www.ddetox.art\\\/wp-content\\\/uploads\\\/2024\\\/08\\\/Collage-Battle-Event.jpeg\",\"datePublished\":\"2024-08-21T13:11:12+00:00\",\"dateModified\":\"2026-02-14T23:55:41+00:00\",\"description\":\"Eins gegen Eins: Style vs. Style! Am 11.10.2024: Das Live Collage Battle im Nirgendwo. 8 K\u00fcnstler*innen, K.O.-System, die Crowd entscheidet!\",\"breadcrumb\":{\"@id\":\"https:\\\/\\\/www.ddetox.art\\\/collage-battle\\\/#breadcrumb\"},\"inLanguage\":\"en-US\",\"potentialAction\":[{\"@type\":\"ReadAction\",\"target\":[\"https:\\\/\\\/www.ddetox.art\\\/collage-battle\\\/\"]}]},{\"@type\":\"ImageObject\",\"inLanguage\":\"en-US\",\"@id\":\"https:\\\/\\\/www.ddetox.art\\\/collage-battle\\\/#primaryimage\",\"url\":\"https:\\\/\\\/www.ddetox.art\\\/wp-content\\\/uploads\\\/2024\\\/08\\\/Collage-Battle-Event.jpeg\",\"contentUrl\":\"https:\\\/\\\/www.ddetox.art\\\/wp-content\\\/uploads\\\/2024\\\/08\\\/Collage-Battle-Event.jpeg\",\"width\":1920,\"height\":1080,\"caption\":\"Collage Battle Event Flyer - Quer - Nirgendwo Berlin\"},{\"@type\":\"BreadcrumbList\",\"@id\":\"https:\\\/\\\/www.ddetox.art\\\/collage-battle\\\/#breadcrumb\",\"itemListElement\":[{\"@type\":\"ListItem\",\"position\":1,\"name\":\"Startseite\",\"item\":\"https:\\\/\\\/www.ddetox.art\\\/\"},{\"@type\":\"ListItem\",\"position\":2,\"name\":\"Collage Battle\"}]},{\"@type\":\"WebSite\",\"@id\":\"https:\\\/\\\/www.ddetox.art\\\/#website\",\"url\":\"https:\\\/\\\/www.ddetox.art\\\/\",\"name\":\"\",\"description\":\"ddetox.art\",\"publisher\":{\"@id\":\"https:\\\/\\\/www.ddetox.art\\\/#organization\"},\"potentialAction\":[{\"@type\":\"SearchAction\",\"target\":{\"@type\":\"EntryPoint\",\"urlTemplate\":\"https:\\\/\\\/www.ddetox.art\\\/?s={search_term_string}\"},\"query-input\":{\"@type\":\"PropertyValueSpecification\",\"valueRequired\":true,\"valueName\":\"search_term_string\"}}],\"inLanguage\":\"en-US\"},{\"@type\":\"Organization\",\"@id\":\"https:\\\/\\\/www.ddetox.art\\\/#organization\",\"name\":\"ddetox art\",\"url\":\"https:\\\/\\\/www.ddetox.art\\\/\",\"logo\":{\"@type\":\"ImageObject\",\"inLanguage\":\"en-US\",\"@id\":\"https:\\\/\\\/www.ddetox.art\\\/#\\\/schema\\\/logo\\\/image\\\/\",\"url\":\"https:\\\/\\\/www.ddetox.art\\\/wp-content\\\/uploads\\\/2021\\\/09\\\/logo.svg\",\"contentUrl\":\"https:\\\/\\\/www.ddetox.art\\\/wp-content\\\/uploads\\\/2021\\\/09\\\/logo.svg\",\"width\":220,\"height\":22,\"caption\":\"ddetox art\"},\"image\":{\"@id\":\"https:\\\/\\\/www.ddetox.art\\\/#\\\/schema\\\/logo\\\/image\\\/\"}}]}<\/script>\n<!-- \/ Yoast SEO plugin. -->","yoast_head_json":{"title":"Collage Battle","description":"Eins gegen Eins: Style vs. Style! Am 11.10.2024: Das Live Collage Battle im Nirgendwo. 8 K\u00fcnstler*innen, K.O.-System, die Crowd entscheidet!","robots":{"index":"index","follow":"follow","max-snippet":"max-snippet:-1","max-image-preview":"max-image-preview:large","max-video-preview":"max-video-preview:-1"},"canonical":"https:\/\/www.ddetox.art\/en\/collage-battle\/","og_locale":"en_US","og_type":"article","og_title":"Kunstprojekte und Kooperationen von Dima Dobrovolskij","og_description":"Kunstprojekte und Kooperationen von Dima Dobrovolskij von K\u00fcnstler Dima Dobrovolskij. Erfahren Sie mehr von vielseitigen Formaten.","og_url":"https:\/\/www.ddetox.art\/en\/collage-battle\/","article_modified_time":"2026-02-14T23:55:41+00:00","og_image":[{"width":1024,"height":717,"url":"https:\/\/www.ddetox.art\/wp-content\/uploads\/2024\/05\/f-d-p-dima-dobrovolskij-1024x717.jpg","type":"image\/jpeg"}],"twitter_card":"summary_large_image","twitter_title":"Art Collage Blog","twitter_description":"K\u00fcnstler aus Berlin schreibt \u00fcber die Menschen in der gro\u00dfen Welt und seine Projekte. Andere Perspektiven auf die allt\u00e4glichen Dinge.","twitter_image":"https:\/\/www.ddetox.art\/wp-content\/uploads\/2023\/02\/quader1.jpg","twitter_misc":{"Est. reading time":"3 minutes"},"schema":{"@context":"https:\/\/schema.org","@graph":[{"@type":"WebPage","@id":"https:\/\/www.ddetox.art\/collage-battle\/","url":"https:\/\/www.ddetox.art\/collage-battle\/","name":"Collage Battle","isPartOf":{"@id":"https:\/\/www.ddetox.art\/#website"},"primaryImageOfPage":{"@id":"https:\/\/www.ddetox.art\/collage-battle\/#primaryimage"},"image":{"@id":"https:\/\/www.ddetox.art\/collage-battle\/#primaryimage"},"thumbnailUrl":"https:\/\/www.ddetox.art\/wp-content\/uploads\/2024\/08\/Collage-Battle-Event.jpeg","datePublished":"2024-08-21T13:11:12+00:00","dateModified":"2026-02-14T23:55:41+00:00","description":"Eins gegen Eins: Style vs. Style! Am 11.10.2024: Das Live Collage Battle im Nirgendwo. 8 K\u00fcnstler*innen, K.O.-System, die Crowd entscheidet!","breadcrumb":{"@id":"https:\/\/www.ddetox.art\/collage-battle\/#breadcrumb"},"inLanguage":"en-US","potentialAction":[{"@type":"ReadAction","target":["https:\/\/www.ddetox.art\/collage-battle\/"]}]},{"@type":"ImageObject","inLanguage":"en-US","@id":"https:\/\/www.ddetox.art\/collage-battle\/#primaryimage","url":"https:\/\/www.ddetox.art\/wp-content\/uploads\/2024\/08\/Collage-Battle-Event.jpeg","contentUrl":"https:\/\/www.ddetox.art\/wp-content\/uploads\/2024\/08\/Collage-Battle-Event.jpeg","width":1920,"height":1080,"caption":"Collage Battle Event Flyer - Quer - Nirgendwo Berlin"},{"@type":"BreadcrumbList","@id":"https:\/\/www.ddetox.art\/collage-battle\/#breadcrumb","itemListElement":[{"@type":"ListItem","position":1,"name":"Startseite","item":"https:\/\/www.ddetox.art\/"},{"@type":"ListItem","position":2,"name":"Collage Battle"}]},{"@type":"WebSite","@id":"https:\/\/www.ddetox.art\/#website","url":"https:\/\/www.ddetox.art\/","name":"","description":"ddetox.art","publisher":{"@id":"https:\/\/www.ddetox.art\/#organization"},"potentialAction":[{"@type":"SearchAction","target":{"@type":"EntryPoint","urlTemplate":"https:\/\/www.ddetox.art\/?s={search_term_string}"},"query-input":{"@type":"PropertyValueSpecification","valueRequired":true,"valueName":"search_term_string"}}],"inLanguage":"en-US"},{"@type":"Organization","@id":"https:\/\/www.ddetox.art\/#organization","name":"ddetox art","url":"https:\/\/www.ddetox.art\/","logo":{"@type":"ImageObject","inLanguage":"en-US","@id":"https:\/\/www.ddetox.art\/#\/schema\/logo\/image\/","url":"https:\/\/www.ddetox.art\/wp-content\/uploads\/2021\/09\/logo.svg","contentUrl":"https:\/\/www.ddetox.art\/wp-content\/uploads\/2021\/09\/logo.svg","width":220,"height":22,"caption":"ddetox art"},"image":{"@id":"https:\/\/www.ddetox.art\/#\/schema\/logo\/image\/"}}]}},"_links":{"self":[{"href":"https:\/\/www.ddetox.art\/en\/wp-json\/wp\/v2\/pages\/50520","targetHints":{"allow":["GET"]}}],"collection":[{"href":"https:\/\/www.ddetox.art\/en\/wp-json\/wp\/v2\/pages"}],"about":[{"href":"https:\/\/www.ddetox.art\/en\/wp-json\/wp\/v2\/types\/page"}],"author":[{"embeddable":true,"href":"https:\/\/www.ddetox.art\/en\/wp-json\/wp\/v2\/users\/118"}],"replies":[{"embeddable":true,"href":"https:\/\/www.ddetox.art\/en\/wp-json\/wp\/v2\/comments?post=50520"}],"version-history":[{"count":0,"href":"https:\/\/www.ddetox.art\/en\/wp-json\/wp\/v2\/pages\/50520\/revisions"}],"wp:featuredmedia":[{"embeddable":true,"href":"https:\/\/www.ddetox.art\/en\/wp-json\/wp\/v2\/media\/50522"}],"wp:attachment":[{"href":"https:\/\/www.ddetox.art\/en\/wp-json\/wp\/v2\/media?parent=50520"}],"curies":[{"name":"wp","href":"https:\/\/api.w.org\/{rel}","templated":true}]}}