{"id":50695,"date":"2026-02-15T10:35:07","date_gmt":"2026-02-15T09:35:07","guid":{"rendered":"https:\/\/www.ddetox.art\/?page_id=50695"},"modified":"2026-03-22T13:02:48","modified_gmt":"2026-03-22T12:02:48","slug":"tdm-policy","status":"publish","type":"page","link":"https:\/\/www.ddetox.art\/en\/tdm-policy\/","title":{"rendered":"AI Training Rights Reservation"},"content":{"rendered":"<p>[et_pb_section fb_built=&#8221;1&#8243; _builder_version=&#8221;4.16&#8243; background_color=&#8221;RGBA(0,0,0,0)&#8221; custom_padding=&#8221;60px||60px||true|false&#8221; da_disable_devices=&#8221;off|off|off&#8221; locked=&#8221;off&#8221; global_colors_info=&#8221;{}&#8221; da_is_popup=&#8221;off&#8221; da_exit_intent=&#8221;off&#8221; da_has_close=&#8221;on&#8221; da_alt_close=&#8221;off&#8221; da_dark_close=&#8221;off&#8221; da_not_modal=&#8221;on&#8221; da_is_singular=&#8221;off&#8221; da_with_loader=&#8221;off&#8221; da_has_shadow=&#8221;on&#8221;][et_pb_row _builder_version=&#8221;4.16&#8243; custom_padding=&#8221;0px||0px||true|false&#8221; global_colors_info=&#8221;{}&#8221;][et_pb_column type=&#8221;4_4&#8243; _builder_version=&#8221;4.16&#8243; custom_padding=&#8221;|||&#8221; global_colors_info=&#8221;{}&#8221; custom_padding__hover=&#8221;|||&#8221;][et_pb_text _builder_version=&#8221;4.27.0&#8243; header_font=&#8221;||||||||&#8221; header_text_color=&#8221;#FFFFFF&#8221; header_font_size=&#8221;40px&#8221; hover_enabled=&#8221;0&#8243; header_font_size_tablet=&#8221;36px&#8221; header_font_size_phone=&#8221;26px&#8221; header_font_size_last_edited=&#8221;on|phone&#8221; global_colors_info=&#8221;{}&#8221; sticky_enabled=&#8221;0&#8243;]<\/p>\n<h1>Nutzungsvorbehalt f\u00fcr KI-Training &#038; Image-Text-und-Data-Mining (TDM)<\/h1>\n<p>[\/et_pb_text][\/et_pb_column][\/et_pb_row][\/et_pb_section][et_pb_section fb_built=&#8221;1&#8243; custom_padding_last_edited=&#8221;on|phone&#8221; _builder_version=&#8221;4.27.0&#8243; background_color=&#8221;RGBA(0,0,0,0)&#8221; custom_padding=&#8221;0px||100px||false|false&#8221; custom_padding_tablet=&#8221;||80px||false|false&#8221; custom_padding_phone=&#8221;||60px||false|false&#8221; da_disable_devices=&#8221;off|off|off&#8221; locked=&#8221;off&#8221; global_colors_info=&#8221;{}&#8221; da_is_popup=&#8221;off&#8221; da_exit_intent=&#8221;off&#8221; da_has_close=&#8221;on&#8221; da_alt_close=&#8221;off&#8221; da_dark_close=&#8221;off&#8221; da_not_modal=&#8221;on&#8221; da_is_singular=&#8221;off&#8221; da_with_loader=&#8221;off&#8221; da_has_shadow=&#8221;on&#8221;][et_pb_row use_custom_gutter=&#8221;on&#8221; gutter_width=&#8221;2&#8243; make_equal=&#8221;on&#8221; _builder_version=&#8221;4.27.0&#8243; background_size=&#8221;initial&#8221; background_position=&#8221;top_left&#8221; background_repeat=&#8221;repeat&#8221; custom_padding=&#8221;0px||0px||true|false&#8221; custom_css_main_element=&#8221;align-items: baseline;&#8221; global_colors_info=&#8221;{}&#8221; custom_css_main_element_last_edited=&#8221;off|desktop&#8221;][et_pb_column type=&#8221;4_4&#8243; _builder_version=&#8221;4.16&#8243; custom_padding=&#8221;|||&#8221; global_colors_info=&#8221;{}&#8221; custom_padding__hover=&#8221;|||&#8221; custom_css_main_element_last_edited=&#8221;on|tablet&#8221; custom_css_main_element_tablet=&#8221;margin-bottom: 5rem !important;&#8221; custom_css_main_element_phone=&#8221;margin-bottom: 5rem !important;&#8221;][et_pb_text _builder_version=&#8221;4.27.0&#8243; text_text_color=&#8221;rgba(255,255,255,0.81)&#8221; header_text_color=&#8221;rgba(255,255,255,0.81)&#8221; header_2_text_color=&#8221;rgba(255,255,255,0.81)&#8221; header_3_text_color=&#8221;rgba(255,255,255,0.81)&#8221; header_4_text_color=&#8221;rgba(255,255,255,0.81)&#8221; header_5_text_color=&#8221;rgba(255,255,255,0.81)&#8221; header_6_text_color=&#8221;rgba(255,255,255,0.81)&#8221; background_size=&#8221;initial&#8221; background_position=&#8221;top_left&#8221; background_repeat=&#8221;repeat&#8221; global_colors_info=&#8221;{}&#8221;]<\/p>\n<p>Ich, Dima Dobrovolskij behalte mir die Nutzung meiner Inhalte f\u00fcr Image Mining und Text-und-Data-Mining (TDM) sowie f\u00fcr das Training, die Entwicklung und das Testen von KI-Systemen (einschlie\u00dflich generativer KI) ausdr\u00fccklich vor. Eine Nutzung zu diesen Zwecken ist ohne vorherige ausdr\u00fcckliche Einwilligung nicht gestattet. Dies gilt insbesondere f\u00fcr das automatisierte Auslesen, Scraping, Kopieren, Indexieren zu Trainingszwecken, Speichern, Embedding, Tokenisieren oder sonstige Verarbeitung, die der Erstellung\/Verbesserung von Modellen dient.<\/p>\n<p>Zul\u00e4ssig bleibt das Abrufen der Website durch klassische Suchmaschinen zur Darstellung in Suchergebnissen (Web-Indexierung) sowie das normale Laden der Seiten durch Besucher*innen im Browser, soweit dies technisch erforderlich ist.<br \/>\nWenn du eine Lizenz\/Erlaubnis f\u00fcr TDM\/KI-Nutzung erwerben m\u00f6chtest, kontaktiere mich bitte unter: <a href=\"mailto:info@ddetox.art\">info@ddetox.art<\/a>.\n<\/p>\n<p>[\/et_pb_text][\/et_pb_column][\/et_pb_row][\/et_pb_section]<\/p>\n","protected":false},"excerpt":{"rendered":"<p>Nutzungsvorbehalt f\u00fcr KI-Training &#038; Image-Text-und-Data-Mining (TDM)Ich, Dima Dobrovolskij behalte mir die Nutzung meiner Inhalte f\u00fcr Image Mining und Text-und-Data-Mining (TDM) sowie f\u00fcr das Training, die Entwicklung und das Testen von KI-Systemen (einschlie\u00dflich generativer KI) ausdr\u00fccklich vor. Eine Nutzung zu diesen Zwecken ist ohne vorherige ausdr\u00fcckliche Einwilligung nicht gestattet. Dies gilt insbesondere f\u00fcr das automatisierte Auslesen, [&hellip;]<\/p>\n","protected":false},"author":118,"featured_media":49966,"parent":0,"menu_order":0,"comment_status":"closed","ping_status":"closed","template":"","meta":{"_acf_changed":false,"_et_pb_use_builder":"on","_et_pb_old_content":"<!-- wp:html -->\n<strong>Streitschlichtung<\/strong>\n\nDie Europ\u00e4ische Kommission stellt eine Plattform zur Online-Streitbeilegung (OS) bereit:\n<span><a href=\"https:\/\/ec.europa.eu\/consumers\/odr\" target=\"_blank\" rel=\"noopener noreferrer\">https:\/\/ec.europa.eu\/consumers\/odr<\/a><\/span>.\nUnsere E-Mail-Adresse finden Sie oben im Impressum.\nWir sind nicht bereit oder verpflichtet, an Streitbeilegungsverfahren vor einer Verbraucherschlichtungsstelle teilzunehmen.\n\n<strong>Haftung f\u00fcr Inhalte<\/strong>\n\nAls Diensteanbieter sind wir gem\u00e4\u00df \u00a7 7 Abs.1 TMG f\u00fcr eigene Inhalte auf diesen Seiten nach den allgemeinen Gesetzen verantwortlich. Nach \u00a7\u00a7 8 bis 10 TMG sind wir als Diensteanbieter jedoch nicht verpflichtet, \u00fcbermittelte oder gespeicherte fremde Informationen zu \u00fcberwachen oder nach Umst\u00e4nden zu forschen, die auf eine rechtswidrige T\u00e4tigkeit hinweisen.\nVerpflichtungen zur Entfernung oder Sperrung der Nutzung von Informationen nach den allgemeinen Gesetzen bleiben hiervon unber\u00fchrt. Eine diesbez\u00fcgliche Haftung ist jedoch erst ab dem Zeitpunkt der Kenntnis einer konkreten Rechtsverletzung m\u00f6glich. Bei Bekanntwerden von entsprechenden Rechtsverletzungen werden wir diese Inhalte umgehend entfernen.\n\n<strong>Haftung f\u00fcr Links<\/strong>\n\nUnser Angebot enth\u00e4lt Links zu externen Websites Dritter, auf deren Inhalte wir keinen Einfluss haben. Deshalb k\u00f6nnen wir f\u00fcr diese fremden Inhalte auch keine Gew\u00e4hr \u00fcbernehmen. F\u00fcr die Inhalte der verlinkten Seiten ist stets der jeweilige Anbieter oder Betreiber der Seiten verantwortlich. Die verlinkten Seiten wurden zum Zeitpunkt der Verlinkung auf m\u00f6gliche Rechtsverst\u00f6\u00dfe \u00fcberpr\u00fcft. Rechtswidrige Inhalte waren zum Zeitpunkt der Verlinkung nicht erkennbar.\nEine permanente inhaltliche Kontrolle der verlinkten Seiten ist jedoch ohne konkrete Anhaltspunkte einer Rechtsverletzung nicht zumutbar. Bei Bekanntwerden von Rechtsverletzungen werden wir derartige Links umgehend entfernen.\n\n<strong>Urheberrecht<\/strong>\n\nDie durch die Seitenbetreiber erstellten Inhalte und Werke auf diesen Seiten unterliegen dem deutschen Urheberrecht. Die Vervielf\u00e4ltigung, Bearbeitung, Verbreitung und jede Art der Verwertung au\u00dferhalb der Grenzen des Urheberrechtes bed\u00fcrfen der schriftlichen Zustimmung des jeweiligen Autors bzw. Erstellers. Downloads und Kopien dieser Seite sind nur f\u00fcr den privaten, nicht kommerziellen Gebrauch gestattet.\nSoweit die Inhalte auf dieser Seite nicht vom Betreiber erstellt wurden, werden die Urheberrechte Dritter beachtet. Insbesondere werden Inhalte Dritter als solche gekennzeichnet. Sollten Sie trotzdem auf eine Urheberrechtsverletzung aufmerksam werden, bitten wir um einen entsprechenden Hinweis. Bei Bekanntwerden von Rechtsverletzungen werden wir derartige Inhalte umgehend entfernen.\n\n<strong>Bildquellen:<\/strong>\n\nPhoto by\u00a0Dan Watson\u00a0on\u00a0Unsplash\nPhoto by\u00a0Alex Perz\u00a0on\u00a0Unsplash\nPhoto by\u00a0pan xiaozhen\u00a0on\u00a0Unsplash\nPhoto by\u00a0Pawe\u0142 Czerwi\u0144ski\u00a0on\u00a0Unsplash\nPhoto by\u00a0Samuel Zeller\u00a0on\u00a0Unsplash\nPhoto by\u00a0Sergei Akulich\u00a0on\u00a0Unsplash\n\n<strong>Design und Umsetzung:<\/strong>\n\n<span><a title=\"https:\/\/www.netfame.de\" href=\"https:\/\/www.netfame.de\/\" target=\"_blank\" rel=\"noopener noreferrer\" tabindex=\"-1\">www.netfame.de<\/a><\/span>\n<!-- \/wp:html -->\n\n<!-- wp:paragraph -->\n<p><\/p>\n<!-- \/wp:paragraph -->","_et_gb_content_width":"","footnotes":""},"class_list":["post-50695","page","type-page","status-publish","has-post-thumbnail","hentry"],"acf":[],"yoast_head":"<!-- This site is optimized with the Yoast SEO plugin v27.5 - https:\/\/yoast.com\/product\/yoast-seo-wordpress\/ -->\n<title>AI Use Reservation for AI Training &amp; Text and Data Mining (TDM)<\/title>\n<meta name=\"description\" content=\"Hinweis zur Nutzung unserer Inhalte: Kein Text-&amp;-Data-Mining und kein KI-Training ohne ausdr\u00fcckliche Einwilligung. Kontakt f\u00fcr Lizenzen.\" \/>\n<meta name=\"robots\" content=\"index, follow, max-snippet:-1, max-image-preview:large, max-video-preview:-1\" \/>\n<link rel=\"canonical\" href=\"https:\/\/www.ddetox.art\/en\/tdm-policy\/\" \/>\n<meta property=\"og:locale\" content=\"en_US\" \/>\n<meta property=\"og:type\" content=\"article\" \/>\n<meta property=\"og:title\" content=\"KI Training Nutzungsvorbehalt\" \/>\n<meta property=\"og:description\" content=\"Hinweis zur Nutzung unserer Inhalte: Kein Text-&amp;-Data-Mining und kein KI-Training ohne ausdr\u00fcckliche Einwilligung. Kontakt f\u00fcr Lizenzen.\" \/>\n<meta property=\"og:url\" content=\"https:\/\/www.ddetox.art\/en\/tdm-policy\/\" \/>\n<meta property=\"article:modified_time\" content=\"2026-03-22T12:02:48+00:00\" \/>\n<meta property=\"og:image\" content=\"https:\/\/www.ddetox.art\/wp-content\/uploads\/2024\/07\/logo_dima-dobrovolkij-300px.png\" \/>\n\t<meta property=\"og:image:width\" content=\"300\" \/>\n\t<meta property=\"og:image:height\" content=\"300\" \/>\n\t<meta property=\"og:image:type\" content=\"image\/png\" \/>\n<meta name=\"twitter:card\" content=\"summary_large_image\" \/>\n<meta name=\"twitter:label1\" content=\"Est. reading time\" \/>\n\t<meta name=\"twitter:data1\" content=\"1 minute\" \/>\n<script type=\"application\/ld+json\" class=\"yoast-schema-graph\">{\"@context\":\"https:\\\/\\\/schema.org\",\"@graph\":[{\"@type\":\"WebPage\",\"@id\":\"https:\\\/\\\/www.ddetox.art\\\/tdm-policy\\\/\",\"url\":\"https:\\\/\\\/www.ddetox.art\\\/tdm-policy\\\/\",\"name\":\"AI Use Reservation for AI Training & Text and Data Mining (TDM)\",\"isPartOf\":{\"@id\":\"https:\\\/\\\/www.ddetox.art\\\/#website\"},\"primaryImageOfPage\":{\"@id\":\"https:\\\/\\\/www.ddetox.art\\\/tdm-policy\\\/#primaryimage\"},\"image\":{\"@id\":\"https:\\\/\\\/www.ddetox.art\\\/tdm-policy\\\/#primaryimage\"},\"thumbnailUrl\":\"https:\\\/\\\/www.ddetox.art\\\/wp-content\\\/uploads\\\/2024\\\/07\\\/logo_dima-dobrovolkij-300px.png\",\"datePublished\":\"2026-02-15T09:35:07+00:00\",\"dateModified\":\"2026-03-22T12:02:48+00:00\",\"description\":\"Hinweis zur Nutzung unserer Inhalte: Kein Text-&-Data-Mining und kein KI-Training ohne ausdr\u00fcckliche Einwilligung. Kontakt f\u00fcr Lizenzen.\",\"breadcrumb\":{\"@id\":\"https:\\\/\\\/www.ddetox.art\\\/tdm-policy\\\/#breadcrumb\"},\"inLanguage\":\"en-US\",\"potentialAction\":[{\"@type\":\"ReadAction\",\"target\":[\"https:\\\/\\\/www.ddetox.art\\\/tdm-policy\\\/\"]}]},{\"@type\":\"ImageObject\",\"inLanguage\":\"en-US\",\"@id\":\"https:\\\/\\\/www.ddetox.art\\\/tdm-policy\\\/#primaryimage\",\"url\":\"https:\\\/\\\/www.ddetox.art\\\/wp-content\\\/uploads\\\/2024\\\/07\\\/logo_dima-dobrovolkij-300px.png\",\"contentUrl\":\"https:\\\/\\\/www.ddetox.art\\\/wp-content\\\/uploads\\\/2024\\\/07\\\/logo_dima-dobrovolkij-300px.png\",\"width\":300,\"height\":300,\"caption\":\"Grafik illustriert Logo von Dima Dobrovolskij, einem K\u00fcnstler\"},{\"@type\":\"BreadcrumbList\",\"@id\":\"https:\\\/\\\/www.ddetox.art\\\/tdm-policy\\\/#breadcrumb\",\"itemListElement\":[{\"@type\":\"ListItem\",\"position\":1,\"name\":\"Startseite\",\"item\":\"https:\\\/\\\/www.ddetox.art\\\/\"},{\"@type\":\"ListItem\",\"position\":2,\"name\":\"KI Training Nutzungsvorbehalt\"}]},{\"@type\":\"WebSite\",\"@id\":\"https:\\\/\\\/www.ddetox.art\\\/#website\",\"url\":\"https:\\\/\\\/www.ddetox.art\\\/\",\"name\":\"\",\"description\":\"ddetox.art\",\"publisher\":{\"@id\":\"https:\\\/\\\/www.ddetox.art\\\/#organization\"},\"potentialAction\":[{\"@type\":\"SearchAction\",\"target\":{\"@type\":\"EntryPoint\",\"urlTemplate\":\"https:\\\/\\\/www.ddetox.art\\\/?s={search_term_string}\"},\"query-input\":{\"@type\":\"PropertyValueSpecification\",\"valueRequired\":true,\"valueName\":\"search_term_string\"}}],\"inLanguage\":\"en-US\"},{\"@type\":\"Organization\",\"@id\":\"https:\\\/\\\/www.ddetox.art\\\/#organization\",\"name\":\"ddetox art\",\"url\":\"https:\\\/\\\/www.ddetox.art\\\/\",\"logo\":{\"@type\":\"ImageObject\",\"inLanguage\":\"en-US\",\"@id\":\"https:\\\/\\\/www.ddetox.art\\\/#\\\/schema\\\/logo\\\/image\\\/\",\"url\":\"https:\\\/\\\/www.ddetox.art\\\/wp-content\\\/uploads\\\/2021\\\/09\\\/logo.svg\",\"contentUrl\":\"https:\\\/\\\/www.ddetox.art\\\/wp-content\\\/uploads\\\/2021\\\/09\\\/logo.svg\",\"width\":220,\"height\":22,\"caption\":\"ddetox art\"},\"image\":{\"@id\":\"https:\\\/\\\/www.ddetox.art\\\/#\\\/schema\\\/logo\\\/image\\\/\"}}]}<\/script>\n<!-- \/ Yoast SEO plugin. -->","yoast_head_json":{"title":"AI Use Reservation for AI Training & Text and Data Mining (TDM)","description":"Hinweis zur Nutzung unserer Inhalte: Kein Text-&-Data-Mining und kein KI-Training ohne ausdr\u00fcckliche Einwilligung. Kontakt f\u00fcr Lizenzen.","robots":{"index":"index","follow":"follow","max-snippet":"max-snippet:-1","max-image-preview":"max-image-preview:large","max-video-preview":"max-video-preview:-1"},"canonical":"https:\/\/www.ddetox.art\/en\/tdm-policy\/","og_locale":"en_US","og_type":"article","og_title":"KI Training Nutzungsvorbehalt","og_description":"Hinweis zur Nutzung unserer Inhalte: Kein Text-&-Data-Mining und kein KI-Training ohne ausdr\u00fcckliche Einwilligung. Kontakt f\u00fcr Lizenzen.","og_url":"https:\/\/www.ddetox.art\/en\/tdm-policy\/","article_modified_time":"2026-03-22T12:02:48+00:00","og_image":[{"width":300,"height":300,"url":"https:\/\/www.ddetox.art\/wp-content\/uploads\/2024\/07\/logo_dima-dobrovolkij-300px.png","type":"image\/png"}],"twitter_card":"summary_large_image","twitter_misc":{"Est. reading time":"1 minute"},"schema":{"@context":"https:\/\/schema.org","@graph":[{"@type":"WebPage","@id":"https:\/\/www.ddetox.art\/tdm-policy\/","url":"https:\/\/www.ddetox.art\/tdm-policy\/","name":"AI Use Reservation for AI Training & Text and Data Mining (TDM)","isPartOf":{"@id":"https:\/\/www.ddetox.art\/#website"},"primaryImageOfPage":{"@id":"https:\/\/www.ddetox.art\/tdm-policy\/#primaryimage"},"image":{"@id":"https:\/\/www.ddetox.art\/tdm-policy\/#primaryimage"},"thumbnailUrl":"https:\/\/www.ddetox.art\/wp-content\/uploads\/2024\/07\/logo_dima-dobrovolkij-300px.png","datePublished":"2026-02-15T09:35:07+00:00","dateModified":"2026-03-22T12:02:48+00:00","description":"Hinweis zur Nutzung unserer Inhalte: Kein Text-&-Data-Mining und kein KI-Training ohne ausdr\u00fcckliche Einwilligung. Kontakt f\u00fcr Lizenzen.","breadcrumb":{"@id":"https:\/\/www.ddetox.art\/tdm-policy\/#breadcrumb"},"inLanguage":"en-US","potentialAction":[{"@type":"ReadAction","target":["https:\/\/www.ddetox.art\/tdm-policy\/"]}]},{"@type":"ImageObject","inLanguage":"en-US","@id":"https:\/\/www.ddetox.art\/tdm-policy\/#primaryimage","url":"https:\/\/www.ddetox.art\/wp-content\/uploads\/2024\/07\/logo_dima-dobrovolkij-300px.png","contentUrl":"https:\/\/www.ddetox.art\/wp-content\/uploads\/2024\/07\/logo_dima-dobrovolkij-300px.png","width":300,"height":300,"caption":"Grafik illustriert Logo von Dima Dobrovolskij, einem K\u00fcnstler"},{"@type":"BreadcrumbList","@id":"https:\/\/www.ddetox.art\/tdm-policy\/#breadcrumb","itemListElement":[{"@type":"ListItem","position":1,"name":"Startseite","item":"https:\/\/www.ddetox.art\/"},{"@type":"ListItem","position":2,"name":"KI Training Nutzungsvorbehalt"}]},{"@type":"WebSite","@id":"https:\/\/www.ddetox.art\/#website","url":"https:\/\/www.ddetox.art\/","name":"","description":"ddetox.art","publisher":{"@id":"https:\/\/www.ddetox.art\/#organization"},"potentialAction":[{"@type":"SearchAction","target":{"@type":"EntryPoint","urlTemplate":"https:\/\/www.ddetox.art\/?s={search_term_string}"},"query-input":{"@type":"PropertyValueSpecification","valueRequired":true,"valueName":"search_term_string"}}],"inLanguage":"en-US"},{"@type":"Organization","@id":"https:\/\/www.ddetox.art\/#organization","name":"ddetox art","url":"https:\/\/www.ddetox.art\/","logo":{"@type":"ImageObject","inLanguage":"en-US","@id":"https:\/\/www.ddetox.art\/#\/schema\/logo\/image\/","url":"https:\/\/www.ddetox.art\/wp-content\/uploads\/2021\/09\/logo.svg","contentUrl":"https:\/\/www.ddetox.art\/wp-content\/uploads\/2021\/09\/logo.svg","width":220,"height":22,"caption":"ddetox art"},"image":{"@id":"https:\/\/www.ddetox.art\/#\/schema\/logo\/image\/"}}]}},"_links":{"self":[{"href":"https:\/\/www.ddetox.art\/en\/wp-json\/wp\/v2\/pages\/50695","targetHints":{"allow":["GET"]}}],"collection":[{"href":"https:\/\/www.ddetox.art\/en\/wp-json\/wp\/v2\/pages"}],"about":[{"href":"https:\/\/www.ddetox.art\/en\/wp-json\/wp\/v2\/types\/page"}],"author":[{"embeddable":true,"href":"https:\/\/www.ddetox.art\/en\/wp-json\/wp\/v2\/users\/118"}],"replies":[{"embeddable":true,"href":"https:\/\/www.ddetox.art\/en\/wp-json\/wp\/v2\/comments?post=50695"}],"version-history":[{"count":0,"href":"https:\/\/www.ddetox.art\/en\/wp-json\/wp\/v2\/pages\/50695\/revisions"}],"wp:featuredmedia":[{"embeddable":true,"href":"https:\/\/www.ddetox.art\/en\/wp-json\/wp\/v2\/media\/49966"}],"wp:attachment":[{"href":"https:\/\/www.ddetox.art\/en\/wp-json\/wp\/v2\/media?parent=50695"}],"curies":[{"name":"wp","href":"https:\/\/api.w.org\/{rel}","templated":true}]}}