{"id":50961,"date":"2026-03-28T10:45:34","date_gmt":"2026-03-28T09:45:34","guid":{"rendered":"https:\/\/www.ddetox.art\/?page_id=50961"},"modified":"2026-03-28T10:45:35","modified_gmt":"2026-03-28T09:45:35","slug":"kommunikation-zeichnungsserie","status":"publish","type":"page","link":"https:\/\/www.ddetox.art\/en\/kommunikation-zeichnungsserie\/","title":{"rendered":"Kommunikation Zeichnungsserie"},"content":{"rendered":"<p>[et_pb_section fb_built=&#8221;1&#8243; _builder_version=&#8221;4.27.0&#8243; _module_preset=&#8221;default&#8221; background_color=&#8221;#000000&#8243; da_disable_devices=&#8221;off|off|off&#8221; global_colors_info=&#8221;{}&#8221; theme_builder_area=&#8221;post_content&#8221; da_is_popup=&#8221;off&#8221; da_exit_intent=&#8221;off&#8221; da_has_close=&#8221;on&#8221; da_alt_close=&#8221;off&#8221; da_dark_close=&#8221;off&#8221; da_not_modal=&#8221;on&#8221; da_is_singular=&#8221;off&#8221; da_with_loader=&#8221;off&#8221; da_has_shadow=&#8221;on&#8221;][et_pb_row column_structure=&#8221;1_4,3_4&#8243; use_custom_gutter=&#8221;on&#8221; make_equal=&#8221;on&#8221; _builder_version=&#8221;4.16&#8243; _module_preset=&#8221;default&#8221; custom_padding=&#8221;0px||0px||false|false&#8221; global_colors_info=&#8221;{}&#8221; theme_builder_area=&#8221;post_content&#8221;][et_pb_column type=&#8221;1_4&#8243; _builder_version=&#8221;4.16&#8243; _module_preset=&#8221;default&#8221; custom_padding=&#8221;20px||||false|false&#8221; global_colors_info=&#8221;{}&#8221; custom_css_main_element_last_edited=&#8221;on|tablet&#8221; custom_css_main_element_tablet=&#8221;margin-bottom: 0;&#8221; custom_css_main_element_phone=&#8221;margin-bottom: 0;&#8221; theme_builder_area=&#8221;post_content&#8221;][et_pb_blurb title=&#8221;teilen:&#8221; image_icon_width=&#8221;25px&#8221; icon_alignment=&#8221;right&#8221; content_max_width=&#8221;1100px&#8221; disabled_on=&#8221;off|off|off&#8221; _builder_version=&#8221;4.27.0&#8243; _module_preset=&#8221;default&#8221; header_font=&#8221;|||on|||||&#8221; header_text_color=&#8221;#d2f486&#8243; header_font_size=&#8221;18.1px&#8221; header_line_height=&#8221;1.4em&#8221; width=&#8221;100%&#8221; custom_margin=&#8221;||0px||false|false&#8221; animation=&#8221;off&#8221; custom_css_blurb_image=&#8221;position: absolute;||right: 0;||top: 7px;&#8221; custom_css_blurb_content=&#8221;margin-left: 0;&#8221; image_max_width=&#8221;25px&#8221; global_module=&#8221;48031&#8243; saved_tabs=&#8221;all&#8221; global_colors_info=&#8221;{}&#8221; theme_builder_area=&#8221;post_content&#8221;]<\/p>\n<a href=\"https:\/\/www.facebook.com\/sharer\/sharer.php?u=https:\/\/www.ddetox.art\/en\/kommunikation-zeichnungsserie\/\" target=\"_blank\"><i class=\"facebook\"><\/i><\/a>\n<a href=\"https:\/\/api.whatsapp.com\/send?text=https:\/\/www.ddetox.art\/en\/kommunikation-zeichnungsserie\/\" target=\"_blank\"><i class=\"whatsapp\"><\/i><\/a>\n<a href=\"https:\/\/www.linkedin.com\/sharing\/share-offsite\/?url=https:\/\/www.ddetox.art\/en\/kommunikation-zeichnungsserie\/\" target=\"_blank\"><i class=\"linkedin\"><\/i><\/a>\n<a href=\"https:\/\/t.me\/share\/url?url=https:\/\/www.ddetox.art\/en\/kommunikation-zeichnungsserie\/\" target=\"_blank\"><i class=\"telegram\"><\/i><\/a>\n\t \n\n<p>[\/et_pb_blurb][\/et_pb_column][et_pb_column type=&#8221;3_4&#8243; _builder_version=&#8221;4.16&#8243; _module_preset=&#8221;default&#8221; global_colors_info=&#8221;{}&#8221; theme_builder_area=&#8221;post_content&#8221;][et_pb_text _builder_version=&#8221;4.27.0&#8243; _module_preset=&#8221;default&#8221; header_font=&#8221;|||on|||||&#8221; header_text_color=&#8221;#FFFFFF&#8221; header_font_size=&#8221;50px&#8221; header_line_height=&#8221;1.4em&#8221; header_2_font=&#8221;Red Hat Display|300||on|||||&#8221; header_2_text_color=&#8221;#FFFFFF&#8221; header_2_font_size=&#8221;24px&#8221; header_2_letter_spacing=&#8221;1px&#8221; header_2_line_height=&#8221;1.3em&#8221; custom_margin=&#8221;||20px||false|false&#8221; hover_enabled=&#8221;0&#8243; header_font_size_tablet=&#8221;42px&#8221; header_font_size_phone=&#8221;32px&#8221; header_font_size_last_edited=&#8221;on|tablet&#8221; global_colors_info=&#8221;{}&#8221; theme_builder_area=&#8221;post_content&#8221; sticky_enabled=&#8221;0&#8243;]<\/p>\n<h2>Serie \u00b7 Zeichnung A4 \u00b7 2021 \u00b7 Berlin<\/h2>\n<h1>Eine Zeichnungsserie \u00fcber Austausch, Missverst\u00e4ndnis und die inneren Formen zwischen Menschen<br \/>\n<\/h1>\n<p>[\/et_pb_text][et_pb_text _builder_version=&#8221;4.27.0&#8243; _module_preset=&#8221;default&#8221; text_text_color=&#8221;rgba(255,255,255,0.8)&#8221; text_font_size=&#8221;18.1px&#8221; text_line_height=&#8221;1.8em&#8221; header_3_font=&#8221;|300||on|||||&#8221; header_3_text_color=&#8221;#FFFFFF&#8221; header_3_font_size=&#8221;24px&#8221; header_3_letter_spacing=&#8221;1px&#8221; header_3_line_height=&#8221;1.4em&#8221; custom_margin=&#8221;||30px||false|false&#8221; hover_enabled=&#8221;0&#8243; header_3_font_size_tablet=&#8221;&#8221; header_3_font_size_phone=&#8221;20px&#8221; header_3_font_size_last_edited=&#8221;on|phone&#8221; global_colors_info=&#8221;{}&#8221; theme_builder_area=&#8221;post_content&#8221; sticky_enabled=&#8221;0&#8243;]Die Serie \u201eKommunikation\u201c entstand 2021 in Berlin aus einem unmittelbaren, fast beil\u00e4ufigen Arbeitsprozess heraus: durch B\u00fcros streifend, mit Filter und Marker in der Hand, wurde Nachdenken in Linie \u00fcbersetzt. Die Zeichnungen greifen Kommunikation nicht als klaren Informationsaustausch auf, sondern als organischen, oft verschobenen und widerspr\u00fcchlichen Vorgang. Formen ber\u00fchren, umkreisen, verzweigen und \u00fcberlagern sich \u2014 wie Gedanken, Reaktionen, Spannungen und Signale zwischen Menschen.<\/p>\n<p>In den 31 Zeichnungen auf A4-Papier verdichten sich diese Beobachtungen zu einer reduzierten, eigenwilligen Bildsprache. Die Serie versteht Kommunikation nicht als etwas Glattes oder Eindeutiges, sondern als lebendige Struktur zwischen Wahrnehmung, K\u00f6rper, Impuls und sozialem Raum.<br \/>\n[\/et_pb_text][\/et_pb_column][\/et_pb_row][\/et_pb_section][et_pb_section fb_built=&#8221;1&#8243; _builder_version=&#8221;4.27.0&#8243; _module_preset=&#8221;default&#8221; background_color=&#8221;#000000&#8243; da_disable_devices=&#8221;off|off|off&#8221; global_colors_info=&#8221;{}&#8221; theme_builder_area=&#8221;post_content&#8221; da_is_popup=&#8221;off&#8221; da_exit_intent=&#8221;off&#8221; da_has_close=&#8221;on&#8221; da_alt_close=&#8221;off&#8221; da_dark_close=&#8221;off&#8221; da_not_modal=&#8221;on&#8221; da_is_singular=&#8221;off&#8221; da_with_loader=&#8221;off&#8221; da_has_shadow=&#8221;on&#8221;][et_pb_row _builder_version=&#8221;4.27.0&#8243; _module_preset=&#8221;default&#8221; global_colors_info=&#8221;{}&#8221; theme_builder_area=&#8221;post_content&#8221;][et_pb_column type=&#8221;4_4&#8243; _builder_version=&#8221;4.27.0&#8243; _module_preset=&#8221;default&#8221; global_colors_info=&#8221;{}&#8221; theme_builder_area=&#8221;post_content&#8221;][et_pb_gallery gallery_ids=&#8221;50400,50395,50392,50390,50382,50381,50372,50373,50374,50375,50376,50377,50378,50379,50380,50389,50388,50387,50386,50385,50384,50383,50391,50399,50401,50393,50394,50396,50397,50398,50371&#8243; posts_number=&#8221;31&#8243; show_title_and_caption=&#8221;off&#8221; show_pagination=&#8221;off&#8221; module_class=&#8221;prw-square-gallery&#8221; _builder_version=&#8221;4.27.0&#8243; _module_preset=&#8221;default&#8221; hover_enabled=&#8221;0&#8243; global_colors_info=&#8221;{}&#8221; theme_builder_area=&#8221;post_content&#8221; orientation=&#8221;portrait&#8221; sticky_enabled=&#8221;0&#8243;][\/et_pb_gallery][\/et_pb_column][\/et_pb_row][\/et_pb_section]<\/p>\n","protected":false},"excerpt":{"rendered":"<p><a href=\"https:\/\/www.facebook.com\/sharer\/sharer.php?u=https:\/\/www.ddetox.art\/en\/kommunikation-zeichnungsserie\/\" target=\"_blank\"><i class=\"facebook\"><\/i><\/a>\n<a href=\"https:\/\/api.whatsapp.com\/send?text=https:\/\/www.ddetox.art\/en\/kommunikation-zeichnungsserie\/\" target=\"_blank\"><i class=\"whatsapp\"><\/i><\/a>\n<a href=\"https:\/\/www.linkedin.com\/sharing\/share-offsite\/?url=https:\/\/www.ddetox.art\/en\/kommunikation-zeichnungsserie\/\" target=\"_blank\"><i class=\"linkedin\"><\/i><\/a>\n<a href=\"https:\/\/t.me\/share\/url?url=https:\/\/www.ddetox.art\/en\/kommunikation-zeichnungsserie\/\" target=\"_blank\"><i class=\"telegram\"><\/i><\/a>\n\t \n Serie \u00b7 Zeichnung A4 \u00b7 2021 \u00b7 Berlin Eine Zeichnungsserie \u00fcber Austausch, Missverst\u00e4ndnis und die inneren Formen zwischen Menschen Die Serie \u201eKommunikation\u201c entstand 2021 in Berlin aus einem unmittelbaren, fast beil\u00e4ufigen Arbeitsprozess heraus: durch B\u00fcros streifend, mit Filter und Marker in der Hand, wurde Nachdenken in Linie \u00fcbersetzt. Die Zeichnungen greifen Kommunikation nicht als [&hellip;]<\/p>\n","protected":false},"author":118,"featured_media":50400,"parent":0,"menu_order":0,"comment_status":"closed","ping_status":"closed","template":"","meta":{"_acf_changed":false,"_et_pb_use_builder":"on","_et_pb_old_content":"","_et_gb_content_width":"","footnotes":""},"class_list":["post-50961","page","type-page","status-publish","has-post-thumbnail","hentry"],"acf":[],"yoast_head":"<!-- This site is optimized with the Yoast SEO plugin v27.5 - https:\/\/yoast.com\/product\/yoast-seo-wordpress\/ -->\n<title>Kommunikation | Zeichnungsserie \u00fcber Austausch<\/title>\n<meta name=\"description\" content=\"Zeichnungsserie aus 31 Arbeiten \u00fcber Kommunikation, Wahrnehmung und zwischenmenschliche Dynamiken. Entstanden 2021 in Berlin.\" \/>\n<meta name=\"robots\" content=\"index, follow, max-snippet:-1, max-image-preview:large, max-video-preview:-1\" \/>\n<link rel=\"canonical\" href=\"https:\/\/www.ddetox.art\/en\/kommunikation-zeichnungsserie\/\" \/>\n<meta property=\"og:locale\" content=\"en_US\" \/>\n<meta property=\"og:type\" content=\"article\" \/>\n<meta property=\"og:title\" content=\"Kommunikation | Zeichnungsserie \u00fcber Austausch\" \/>\n<meta property=\"og:description\" content=\"Zeichnungsserie aus 31 Arbeiten \u00fcber Kommunikation, Wahrnehmung und zwischenmenschliche Dynamiken. Entstanden 2021 in Berlin.\" \/>\n<meta property=\"og:url\" content=\"https:\/\/www.ddetox.art\/en\/kommunikation-zeichnungsserie\/\" \/>\n<meta property=\"article:modified_time\" content=\"2026-03-28T09:45:35+00:00\" \/>\n<meta property=\"og:image\" content=\"https:\/\/www.ddetox.art\/wp-content\/uploads\/2024\/08\/Zeichnung-Kommunikation-2.jpeg\" \/>\n\t<meta property=\"og:image:width\" content=\"905\" \/>\n\t<meta property=\"og:image:height\" content=\"1280\" \/>\n\t<meta property=\"og:image:type\" content=\"image\/jpeg\" \/>\n<meta name=\"twitter:card\" content=\"summary_large_image\" \/>\n<meta name=\"twitter:label1\" content=\"Est. reading time\" \/>\n\t<meta name=\"twitter:data1\" content=\"1 minute\" \/>\n<script type=\"application\/ld+json\" class=\"yoast-schema-graph\">{\"@context\":\"https:\\\/\\\/schema.org\",\"@graph\":[{\"@type\":\"WebPage\",\"@id\":\"https:\\\/\\\/www.ddetox.art\\\/kommunikation-zeichnungsserie\\\/\",\"url\":\"https:\\\/\\\/www.ddetox.art\\\/kommunikation-zeichnungsserie\\\/\",\"name\":\"Kommunikation | Zeichnungsserie \u00fcber Austausch\",\"isPartOf\":{\"@id\":\"https:\\\/\\\/www.ddetox.art\\\/#website\"},\"primaryImageOfPage\":{\"@id\":\"https:\\\/\\\/www.ddetox.art\\\/kommunikation-zeichnungsserie\\\/#primaryimage\"},\"image\":{\"@id\":\"https:\\\/\\\/www.ddetox.art\\\/kommunikation-zeichnungsserie\\\/#primaryimage\"},\"thumbnailUrl\":\"https:\\\/\\\/www.ddetox.art\\\/wp-content\\\/uploads\\\/2024\\\/08\\\/Zeichnung-Kommunikation-2.jpeg\",\"datePublished\":\"2026-03-28T09:45:34+00:00\",\"dateModified\":\"2026-03-28T09:45:35+00:00\",\"description\":\"Zeichnungsserie aus 31 Arbeiten \u00fcber Kommunikation, Wahrnehmung und zwischenmenschliche Dynamiken. Entstanden 2021 in Berlin.\",\"breadcrumb\":{\"@id\":\"https:\\\/\\\/www.ddetox.art\\\/kommunikation-zeichnungsserie\\\/#breadcrumb\"},\"inLanguage\":\"en-US\",\"potentialAction\":[{\"@type\":\"ReadAction\",\"target\":[\"https:\\\/\\\/www.ddetox.art\\\/kommunikation-zeichnungsserie\\\/\"]}]},{\"@type\":\"ImageObject\",\"inLanguage\":\"en-US\",\"@id\":\"https:\\\/\\\/www.ddetox.art\\\/kommunikation-zeichnungsserie\\\/#primaryimage\",\"url\":\"https:\\\/\\\/www.ddetox.art\\\/wp-content\\\/uploads\\\/2024\\\/08\\\/Zeichnung-Kommunikation-2.jpeg\",\"contentUrl\":\"https:\\\/\\\/www.ddetox.art\\\/wp-content\\\/uploads\\\/2024\\\/08\\\/Zeichnung-Kommunikation-2.jpeg\",\"width\":905,\"height\":1280,\"caption\":\"2 - Zeichnung - Kommunikation vom Dima Dobrovolskij - A4 - 2020\"},{\"@type\":\"BreadcrumbList\",\"@id\":\"https:\\\/\\\/www.ddetox.art\\\/kommunikation-zeichnungsserie\\\/#breadcrumb\",\"itemListElement\":[{\"@type\":\"ListItem\",\"position\":1,\"name\":\"Startseite\",\"item\":\"https:\\\/\\\/www.ddetox.art\\\/\"},{\"@type\":\"ListItem\",\"position\":2,\"name\":\"Kommunikation Zeichnungsserie\"}]},{\"@type\":\"WebSite\",\"@id\":\"https:\\\/\\\/www.ddetox.art\\\/#website\",\"url\":\"https:\\\/\\\/www.ddetox.art\\\/\",\"name\":\"\",\"description\":\"ddetox.art\",\"publisher\":{\"@id\":\"https:\\\/\\\/www.ddetox.art\\\/#organization\"},\"potentialAction\":[{\"@type\":\"SearchAction\",\"target\":{\"@type\":\"EntryPoint\",\"urlTemplate\":\"https:\\\/\\\/www.ddetox.art\\\/?s={search_term_string}\"},\"query-input\":{\"@type\":\"PropertyValueSpecification\",\"valueRequired\":true,\"valueName\":\"search_term_string\"}}],\"inLanguage\":\"en-US\"},{\"@type\":\"Organization\",\"@id\":\"https:\\\/\\\/www.ddetox.art\\\/#organization\",\"name\":\"ddetox art\",\"url\":\"https:\\\/\\\/www.ddetox.art\\\/\",\"logo\":{\"@type\":\"ImageObject\",\"inLanguage\":\"en-US\",\"@id\":\"https:\\\/\\\/www.ddetox.art\\\/#\\\/schema\\\/logo\\\/image\\\/\",\"url\":\"https:\\\/\\\/www.ddetox.art\\\/wp-content\\\/uploads\\\/2021\\\/09\\\/logo.svg\",\"contentUrl\":\"https:\\\/\\\/www.ddetox.art\\\/wp-content\\\/uploads\\\/2021\\\/09\\\/logo.svg\",\"width\":220,\"height\":22,\"caption\":\"ddetox art\"},\"image\":{\"@id\":\"https:\\\/\\\/www.ddetox.art\\\/#\\\/schema\\\/logo\\\/image\\\/\"}}]}<\/script>\n<!-- \/ Yoast SEO plugin. -->","yoast_head_json":{"title":"Kommunikation | Zeichnungsserie \u00fcber Austausch","description":"Zeichnungsserie aus 31 Arbeiten \u00fcber Kommunikation, Wahrnehmung und zwischenmenschliche Dynamiken. Entstanden 2021 in Berlin.","robots":{"index":"index","follow":"follow","max-snippet":"max-snippet:-1","max-image-preview":"max-image-preview:large","max-video-preview":"max-video-preview:-1"},"canonical":"https:\/\/www.ddetox.art\/en\/kommunikation-zeichnungsserie\/","og_locale":"en_US","og_type":"article","og_title":"Kommunikation | Zeichnungsserie \u00fcber Austausch","og_description":"Zeichnungsserie aus 31 Arbeiten \u00fcber Kommunikation, Wahrnehmung und zwischenmenschliche Dynamiken. Entstanden 2021 in Berlin.","og_url":"https:\/\/www.ddetox.art\/en\/kommunikation-zeichnungsserie\/","article_modified_time":"2026-03-28T09:45:35+00:00","og_image":[{"width":905,"height":1280,"url":"https:\/\/www.ddetox.art\/wp-content\/uploads\/2024\/08\/Zeichnung-Kommunikation-2.jpeg","type":"image\/jpeg"}],"twitter_card":"summary_large_image","twitter_misc":{"Est. reading time":"1 minute"},"schema":{"@context":"https:\/\/schema.org","@graph":[{"@type":"WebPage","@id":"https:\/\/www.ddetox.art\/kommunikation-zeichnungsserie\/","url":"https:\/\/www.ddetox.art\/kommunikation-zeichnungsserie\/","name":"Kommunikation | Zeichnungsserie \u00fcber Austausch","isPartOf":{"@id":"https:\/\/www.ddetox.art\/#website"},"primaryImageOfPage":{"@id":"https:\/\/www.ddetox.art\/kommunikation-zeichnungsserie\/#primaryimage"},"image":{"@id":"https:\/\/www.ddetox.art\/kommunikation-zeichnungsserie\/#primaryimage"},"thumbnailUrl":"https:\/\/www.ddetox.art\/wp-content\/uploads\/2024\/08\/Zeichnung-Kommunikation-2.jpeg","datePublished":"2026-03-28T09:45:34+00:00","dateModified":"2026-03-28T09:45:35+00:00","description":"Zeichnungsserie aus 31 Arbeiten \u00fcber Kommunikation, Wahrnehmung und zwischenmenschliche Dynamiken. Entstanden 2021 in Berlin.","breadcrumb":{"@id":"https:\/\/www.ddetox.art\/kommunikation-zeichnungsserie\/#breadcrumb"},"inLanguage":"en-US","potentialAction":[{"@type":"ReadAction","target":["https:\/\/www.ddetox.art\/kommunikation-zeichnungsserie\/"]}]},{"@type":"ImageObject","inLanguage":"en-US","@id":"https:\/\/www.ddetox.art\/kommunikation-zeichnungsserie\/#primaryimage","url":"https:\/\/www.ddetox.art\/wp-content\/uploads\/2024\/08\/Zeichnung-Kommunikation-2.jpeg","contentUrl":"https:\/\/www.ddetox.art\/wp-content\/uploads\/2024\/08\/Zeichnung-Kommunikation-2.jpeg","width":905,"height":1280,"caption":"2 - Zeichnung - Kommunikation vom Dima Dobrovolskij - A4 - 2020"},{"@type":"BreadcrumbList","@id":"https:\/\/www.ddetox.art\/kommunikation-zeichnungsserie\/#breadcrumb","itemListElement":[{"@type":"ListItem","position":1,"name":"Startseite","item":"https:\/\/www.ddetox.art\/"},{"@type":"ListItem","position":2,"name":"Kommunikation Zeichnungsserie"}]},{"@type":"WebSite","@id":"https:\/\/www.ddetox.art\/#website","url":"https:\/\/www.ddetox.art\/","name":"","description":"ddetox.art","publisher":{"@id":"https:\/\/www.ddetox.art\/#organization"},"potentialAction":[{"@type":"SearchAction","target":{"@type":"EntryPoint","urlTemplate":"https:\/\/www.ddetox.art\/?s={search_term_string}"},"query-input":{"@type":"PropertyValueSpecification","valueRequired":true,"valueName":"search_term_string"}}],"inLanguage":"en-US"},{"@type":"Organization","@id":"https:\/\/www.ddetox.art\/#organization","name":"ddetox art","url":"https:\/\/www.ddetox.art\/","logo":{"@type":"ImageObject","inLanguage":"en-US","@id":"https:\/\/www.ddetox.art\/#\/schema\/logo\/image\/","url":"https:\/\/www.ddetox.art\/wp-content\/uploads\/2021\/09\/logo.svg","contentUrl":"https:\/\/www.ddetox.art\/wp-content\/uploads\/2021\/09\/logo.svg","width":220,"height":22,"caption":"ddetox art"},"image":{"@id":"https:\/\/www.ddetox.art\/#\/schema\/logo\/image\/"}}]}},"_links":{"self":[{"href":"https:\/\/www.ddetox.art\/en\/wp-json\/wp\/v2\/pages\/50961","targetHints":{"allow":["GET"]}}],"collection":[{"href":"https:\/\/www.ddetox.art\/en\/wp-json\/wp\/v2\/pages"}],"about":[{"href":"https:\/\/www.ddetox.art\/en\/wp-json\/wp\/v2\/types\/page"}],"author":[{"embeddable":true,"href":"https:\/\/www.ddetox.art\/en\/wp-json\/wp\/v2\/users\/118"}],"replies":[{"embeddable":true,"href":"https:\/\/www.ddetox.art\/en\/wp-json\/wp\/v2\/comments?post=50961"}],"version-history":[{"count":0,"href":"https:\/\/www.ddetox.art\/en\/wp-json\/wp\/v2\/pages\/50961\/revisions"}],"wp:featuredmedia":[{"embeddable":true,"href":"https:\/\/www.ddetox.art\/en\/wp-json\/wp\/v2\/media\/50400"}],"wp:attachment":[{"href":"https:\/\/www.ddetox.art\/en\/wp-json\/wp\/v2\/media?parent=50961"}],"curies":[{"name":"wp","href":"https:\/\/api.w.org\/{rel}","templated":true}]}}